{"id":164,"date":"2026-04-23T18:07:21","date_gmt":"2026-04-23T18:07:21","guid":{"rendered":"https:\/\/antonianki.pl\/?page_id=164"},"modified":"2026-04-30T09:41:43","modified_gmt":"2026-04-30T09:41:43","slug":"aktualnosci","status":"publish","type":"page","link":"https:\/\/antonianki.pl\/index.php\/aktualnosci\/","title":{"rendered":"Aktualno\u015bci"},"content":{"rendered":"<div class=\"\" style=\"\" >\n    \n    <section class=\"u-clearfix u-section-2\" id=\"block-6\">\n      <div class=\"u-clearfix u-sheet u-sheet-1\">\n        <div class=\"u-clearfix u-custom-html u-expanded-width u-custom-html-1\">\n          <marquee>\n            <p style=\"color: #808080; font-weight: bold; margin: 0; font-family: Arial, sans-serif;\"> Antonianki ul. Janosika 141&nbsp;92-108 \u0141\u00f3d\u017a antonianki@wp.pl&nbsp;+48 42 679 27 20 kom. 507 170 901 <\/p>\n          <\/marquee>\n        <\/div>\n      <\/div>\n    <\/section>\n    <section class=\"u-clearfix u-lightbox u-section-3\" id=\"block-5\">\n      <div class=\"u-clearfix u-sheet u-sheet-1\">\n        <h2 class=\"u-align-center u-text u-text-default u-text-1\">Aktualno\u015bci <\/h2>\n        <div class=\"data-layout-selected u-clearfix u-expanded-width u-layout-wrap u-layout-wrap-1\">\n          <div class=\"u-gutter-0 u-layout\">\n            <div class=\"u-layout-row\">\n              <div class=\"u-container-align-center u-container-style u-image u-layout-cell u-shape-rectangle u-size-30 u-image-1\" style=\"background-image: url(&quot;https:\/\/antonianki.pl\/wp-content\/uploads\/2026\/04\/medium_dzien-skupienie-i-warsztat-dla-mam-w-stanie-blogoslawionym.png&quot;);\">\n                <div class=\"u-container-layout u-container-layout-1\"><\/div>\n              <\/div>\n              <div class=\"u-container-style u-layout-cell u-shape-rectangle u-size-30 u-layout-cell-2\">\n                <div class=\"u-container-layout u-valign-middle u-container-layout-2\">\n                  <p class=\"u-text u-text-default u-text-2\">Dzie\u0144 skupienie i warsztat dla Mam w stanie b\u0142ogos\u0142awionym \n20.09.2025 \n9:30-16:00&nbsp;Serdecznie zapraszamy Mamy w stanie b\u0142ogos\u0142awionym, aby wsp\u00f3lnie pomodli\u0107 si\u0119 i wzi\u0105\u0107 udzia\u0142 w warsztatach prowadzonych przez p. Ann\u0119 Krawczyk matk\u0119 i po\u0142o\u017cn\u0105.&nbsp;Przez ten czas przeprowadzi nas ks. Marcin Pietrzyk.&nbsp;&nbsp;Nasz plan:&nbsp;9:30 - Rozpocz\u0119cie i nawi\u0105znie wsp\u00f3lnoty&nbsp;10:30 - Warsztaty&nbsp;12:00 - Konferencja&nbsp;13:00 - Obiad&nbsp;14:00 - Adoracja&nbsp;15:00 - Msza \u015bw.&nbsp;Na Eucharysti\u0119 zapraszamy Wasze dzieci i m\u0119z\u00f3w \ud83d\ude42&nbsp;Zapisy:\n516 127 616\nantonianki@wp.pl&nbsp;Adres:\nul. Janosika 141\n92-108 - \u0141\u00f3d\u017a&nbsp;Op\u0142ata: Dobrowolna ofiara, kt\u00f3r\u0105 mo\u017cna wrzuci\u0107 do skrzyneczki przy kaplic.<\/p>\n                <\/div>\n              <\/div>\n            <\/div>\n          <\/div>\n        <\/div>\n      <\/div>\n    <\/section>\n    <section class=\"u-clearfix u-lightbox u-section-4\" id=\"block-4\">\n      <div class=\"u-clearfix u-sheet u-valign-middle-xl u-sheet-1\">\n        <div class=\"data-layout-selected u-clearfix u-expanded-width u-layout-wrap u-layout-wrap-1\">\n          <div class=\"u-layout\">\n            <div class=\"u-layout-row\">\n              <div class=\"u-container-align-center u-container-style u-image u-layout-cell u-size-30 u-image-1\" data-image-width=\"474\" data-image-height=\"628\" style=\"background-image: url(&quot;https:\/\/antonianki.pl\/wp-content\/uploads\/2026\/04\/big_p_2018.jpg&quot;);\">\n                <div class=\"u-container-layout u-container-layout-1\"><\/div>\n              <\/div>\n              <div class=\"u-align-justify u-container-style u-layout-cell u-size-30 u-layout-cell-2\">\n                <div class=\"u-container-layout u-container-layout-2\">\n                  <p class=\"u-text u-text-default u-text-1\"> Serdecznie zapraszamy m\u0142odzie\u017c m\u0119sk\u0105 i \u017ce\u0144sk\u0105 na chwil\u0119 wyciszenia i \nzatopienia si\u0119 w tajemnice \u015bwi\u0119to\u015bci \u017cycia, kt\u00f3rej wzorem jest Maryja.&nbsp;<br>\n                    <br>Spotykamy si\u0119 w naszym Domu G\u0142\u00f3wnym w \u0141odzi przy ulicy Janosika 141.&nbsp;<br>\n                    <br>W sobot\u0119 20.10.2018 rozpoczniemy o godz. 10:00.&nbsp;<br>Po\u015bwiecimy ten czas tajemnicy trwania przy Jezusie na wz\u00f3r Maryi.&nbsp;<br>B\u0119dzie mo\u017cliwo\u015b\u0107 uczestnictwa w nocnej Adoracji Naj\u015bwi\u0119tszego Sakramentu&nbsp;<br>W niedziel\u0119 natomiast udamy si\u0119 w pielgrzymk\u0119 do Maryi w Niepokalanowie.&nbsp;<br>\n                    <br>Zg\u0142oszenia nale\u017cy kierowa\u0107 na nasz adres e-mailowy: <a href=\"mailto:antonianki@wp.pl\" class=\"u-btn u-button-style u-text-palette-1-base u-btn-1\">antonianki@wp.pl<\/a>&nbsp; &nbsp;<br>\n                    <br>Koszt: dobrowolna ofiara\nprosimy zabra\u0107 ze sob\u0105 Pismo \u015bw.\nLiczba miejsc ograniczona\n                  <\/p>\n                <\/div>\n              <\/div>\n            <\/div>\n          <\/div>\n        <\/div>\n      <\/div>\n    <\/section>\n    \n    \n    \n  \n<\/div>","protected":false},"excerpt":{"rendered":"<p>Antonianki ul. Janosika 141&nbsp;92-108 \u0141\u00f3d\u017a antonianki@wp.pl&nbsp;+48 42 679 27 20 kom. 507 170 901 Aktualno\u015bci Dzie\u0144 skupienie i warsztat dla Mam w stanie b\u0142ogos\u0142awionym 20.09.2025 9:30-16:00&nbsp;Serdecznie zapraszamy Mamy w stanie b\u0142ogos\u0142awionym, aby wsp\u00f3lnie pomodli\u0107 si\u0119 i wzi\u0105\u0107 udzia\u0142 w warsztatach prowadzonych przez p. Ann\u0119 Krawczyk matk\u0119 i po\u0142o\u017cn\u0105.&nbsp;Przez ten czas przeprowadzi nas ks. Marcin Pietrzyk.&nbsp;&nbsp;Nasz [&hellip;]<\/p>\n","protected":false},"author":1,"featured_media":0,"parent":0,"menu_order":0,"comment_status":"closed","ping_status":"closed","template":"","meta":{"_uag_custom_page_level_css":"","footnotes":""},"class_list":["post-164","page","type-page","status-publish","hentry"],"aioseo_notices":[],"uagb_featured_image_src":{"full":false,"thumbnail":false,"medium":false,"medium_large":false,"large":false,"1536x1536":false,"2048x2048":false},"uagb_author_info":{"display_name":"admin","author_link":"https:\/\/antonianki.pl\/index.php\/author\/admin\/"},"uagb_comment_info":0,"uagb_excerpt":"Antonianki ul. Janosika 141&nbsp;92-108 \u0141\u00f3d\u017a antonianki@wp.pl&nbsp;+48 42 679 27 20 kom. 507 170 901 Aktualno\u015bci Dzie\u0144 skupienie i warsztat dla Mam w stanie b\u0142ogos\u0142awionym 20.09.2025 9:30-16:00&nbsp;Serdecznie zapraszamy Mamy w stanie b\u0142ogos\u0142awionym, aby wsp\u00f3lnie pomodli\u0107 si\u0119 i wzi\u0105\u0107 udzia\u0142 w warsztatach prowadzonych przez p. Ann\u0119 Krawczyk matk\u0119 i po\u0142o\u017cn\u0105.&nbsp;Przez ten czas przeprowadzi nas ks. Marcin Pietrzyk.&nbsp;&nbsp;Nasz&hellip;","_links":{"self":[{"href":"https:\/\/antonianki.pl\/index.php\/wp-json\/wp\/v2\/pages\/164","targetHints":{"allow":["GET"]}}],"collection":[{"href":"https:\/\/antonianki.pl\/index.php\/wp-json\/wp\/v2\/pages"}],"about":[{"href":"https:\/\/antonianki.pl\/index.php\/wp-json\/wp\/v2\/types\/page"}],"author":[{"embeddable":true,"href":"https:\/\/antonianki.pl\/index.php\/wp-json\/wp\/v2\/users\/1"}],"replies":[{"embeddable":true,"href":"https:\/\/antonianki.pl\/index.php\/wp-json\/wp\/v2\/comments?post=164"}],"version-history":[{"count":13,"href":"https:\/\/antonianki.pl\/index.php\/wp-json\/wp\/v2\/pages\/164\/revisions"}],"predecessor-version":[{"id":394,"href":"https:\/\/antonianki.pl\/index.php\/wp-json\/wp\/v2\/pages\/164\/revisions\/394"}],"wp:attachment":[{"href":"https:\/\/antonianki.pl\/index.php\/wp-json\/wp\/v2\/media?parent=164"}],"curies":[{"name":"wp","href":"https:\/\/api.w.org\/{rel}","templated":true}]}}