{"id":166,"date":"2026-04-23T18:07:14","date_gmt":"2026-04-23T18:07:14","guid":{"rendered":"https:\/\/antonianki.pl\/?page_id=166"},"modified":"2026-04-30T07:02:06","modified_gmt":"2026-04-30T07:02:06","slug":"artykuly","status":"publish","type":"page","link":"https:\/\/antonianki.pl\/index.php\/artykuly\/","title":{"rendered":"Artyku\u0142y"},"content":{"rendered":"<div class=\"\" style=\"\" >\n    \n    <section class=\"u-clearfix u-section-2\" id=\"block-8\">\n      <div class=\"u-clearfix u-sheet u-valign-middle-xl u-sheet-1\">\n        <div class=\"u-clearfix u-custom-html u-expanded-width u-custom-html-1\">\n          <marquee>\n            <p style=\"color: #808080; font-weight: bold; margin: 0; font-family: Arial, sans-serif;\"> Antonianki ul. Janosika 141&nbsp;92-108 \u0141\u00f3d\u017a antonianki@wp.pl&nbsp;+48 42 679 27 20 kom. 507 170 901 <\/p>\n          <\/marquee>\n        <\/div>\n      <\/div>\n    <\/section>\n    <section class=\"u-clearfix u-lightbox u-section-3\" id=\"block-1\">\n      <div class=\"u-clearfix u-sheet u-sheet-1\">\n        <h2 class=\"u-align-center u-text u-text-default u-text-1\">Artyku\u0142y<\/h2>\n        <div class=\"data-layout-selected u-clearfix u-expanded-width u-layout-wrap u-layout-wrap-1\">\n          <div class=\"u-layout\">\n            <div class=\"u-layout-row\">\n              <div class=\"u-container-style u-layout-cell u-size-30 u-layout-cell-1\">\n                <div class=\"u-container-layout u-container-layout-1\">\n                  <h2 class=\"u-align-center u-text u-text-default u-text-2\"> \"Od partnera dosta\u0142a pieni\u0105dze na aborcj\u0119, uciek\u0142a za nie do Polski\"<\/h2>\n                  <p class=\"u-text u-text-default u-text-3\">\"Od partnera dosta\u0142a pieni\u0105dze na aborcj\u0119, uciek\u0142a za nie do Polski\"\nKobiety, kt\u00f3re trafiaj\u0105 do Domu Samotnej Matki, najcz\u0119\u015bciej w\u0142a\u015bnie prze\u017cywaj\u0105 \u017cyciowy kryzys. Spodziewaj\u0105c si\u0119 dziecka, czasem ju\u017c z pierwszym lub kolejnym u boku, s\u0105 zmuszone wyrwa\u0107 si\u0119 opresyjnego \u015brodowiska. By ratowa\u0107 \u017cycie! O swojej pracy z nimi opowiada s. Magdalena Krawczyk, dyrektor najwi\u0119kszej tego typu plac\u00f3wki w Polsce, mieszcz\u0105cej si\u0119 w \u0141odzi.<\/p>\n                  <a href=\"https:\/\/deon.pl\/wiara\/wiara-i-spoleczenstwo\/od-partnera-dostala-pieniadze-na-aborcje-uciekla-za-nie-do-polski,482948\" class=\"u-align-center u-btn u-button-style u-custom-color-13 u-hover-custom-color-14 u-btn-1\" target=\"_blank\">Czytaj wi\u0119cej<\/a>\n                <\/div>\n              <\/div>\n              <div class=\"u-container-align-center u-container-style u-image u-layout-cell u-size-30 u-image-1\" data-image-width=\"925\" data-image-height=\"592\" style=\"background-image: url(&quot;https:\/\/antonianki.pl\/wp-content\/uploads\/2026\/04\/od-partnera-dostala-pieniadze-na-aborcje-uciekla-za-nie-do-polski.webp&quot;);\">\n                <div class=\"u-container-layout u-container-layout-2\"><\/div>\n              <\/div>\n            <\/div>\n          <\/div>\n        <\/div>\n      <\/div>\n    <\/section>\n    <section class=\"u-clearfix u-lightbox u-section-4\" id=\"block-2\">\n      <div class=\"u-clearfix u-sheet u-sheet-1\">\n        <div class=\"data-layout-selected u-clearfix u-expanded-width u-layout-wrap u-layout-wrap-1\">\n          <div class=\"u-layout\">\n            <div class=\"u-layout-row\">\n              <div class=\"u-container-style u-layout-cell u-size-30 u-layout-cell-1\">\n                <div class=\"u-container-layout u-container-layout-1\">\n                  <h2 class=\"u-align-center u-text u-text-default u-text-1\"> Labirynt macierzy\u0144stwa. W \"Go\u015bciu Niedzielnym\" o Domu Samotnej Matki im. Stanis\u0142awy Leszczy\u0144skiej<\/h2>\n                  <p class=\"u-text u-text-default u-text-2\">\n                    <a href=\"http:\/\/www.antonianki.pl\/aktualnosci\/labirynt-macierzynstwa-w-gosciu-niedzielnym-o-domu-samotnej-matki-im-stanislawy-leszczynskiej\" target=\"_self\" class=\"u-btn u-button-style u-text-palette-1-base u-btn-1\"><\/a>\n                    <br>\n                    <br>Najwi\u0119ksze marzenia? \u017beby dzieci wyros\u0142y\n na m\u0105drych ludzi. I w\u0142asny k\u0105t bez grzyba. Dwadzie\u015bcia pi\u0119\u0107 lat temu \npowsta\u0142 w \u0141odzi Dom Samotnej Matki im. Stanis\u0142awy Leszczy\u0144skiej.To \nnajwi\u0119ksza taka plac\u00f3wka w Polsce. I murowane \u015bwiadectwo pomocy kobietom\n maltretowanym i zagubionym oraz dzieciom, kt\u00f3rych \u015bwiat nie \npotrzebowa\u0142, a siostry antonianki, czyli Zgromadzenie Si\u00f3str Antonianek \nod Chrystusa Kr\u00f3la, przyj\u0119\u0142y z rado\u015bci\u0105.<br>&nbsp;Pierwsze samotne matki z \u0141odzi wraz z dzie\u0107mi mieszka\u0142y w domu \ngeneralnym si\u00f3str ju\u017c od 1979 r. Na szczeblu diecezjalnym dom istnieje \nod czerwca 1992 roku. Od kilku lat w nowoczesnym obszernym budynku. To \ntutaj \u017cyciowe labirynty m\u0142odych matek maj\u0105 szans\u0119 si\u0119 nieco wyprostowa\u0107.<br>\n                    <br>Ca\u0142o\u015b\u0107 Artyku\u0142u dost\u0119pna w GN 21\/2017<br>\n                    <br>Autor Agata Pu\u015bcikowska<br>\n                    <br>Foto: Jakub Szymczuk \"Go\u015b\u0107 Niedzielny\".<br>\n                    <br>\n                  <\/p>\n                <\/div>\n              <\/div>\n              <div class=\"u-container-align-center u-container-style u-image u-layout-cell u-size-30 u-image-1\" data-image-width=\"600\" data-image-height=\"401\" style=\"background-image: url(&quot;https:\/\/antonianki.pl\/wp-content\/uploads\/2026\/04\/medium_620672_pdjm_4430115f42618ee3c68d04d1cf37_68.jpg&quot;);\">\n                <div class=\"u-container-layout u-container-layout-2\"><\/div>\n              <\/div>\n            <\/div>\n          <\/div>\n        <\/div>\n      <\/div>\n    <\/section>\n    <section class=\"u-clearfix u-lightbox u-section-5\" id=\"block-3\">\n      <div class=\"u-clearfix u-sheet u-sheet-1\">\n        <div class=\"data-layout-selected u-clearfix u-expanded-width u-layout-wrap u-layout-wrap-1\">\n          <div class=\"u-layout\">\n            <div class=\"u-layout-row\">\n              <div class=\"u-container-style u-layout-cell u-size-30 u-layout-cell-1\">\n                <div class=\"u-container-layout u-container-layout-1\">\n                  <h2 class=\"u-align-center u-text u-text-default u-text-1\"> Managerki ub\u00f3stwa<\/h2>\n                  <p class=\"u-text u-text-default u-text-2\"> Co my\u015blimy widz\u0105c samotn\u0105 matk\u0119 z kilkorgiem dzieci czekaj\u0105c\u0105 na paczk\u0119 \n\u017cywno\u015bciow\u0105 w okolicznym caritas, lub odbieraj\u0105c\u0105 zasi\u0142ek z MOPS-u? \nZastanawiamy si\u0119? Mo\u017ce g\u0142o\u015bno wyra\u017camy swoj\u0105 dezaprobat\u0119 s\u0142owami w \nstylu; \u201etrzeba by\u0142o nie pcha\u0107 si\u0119 do \u0142\u00f3\u017cka z kim popadnie,\u201d ? A mo\u017ce po \nprostu omijamy kiwaj\u0105c znacz\u0105co g\u0142owami w kierunku niesfornej gromadki \npociech. Oceniamy: Alkoholiczka? Narkomanka? Prostytutka?&nbsp; My porz\u0105dni \nludzie XXI w. ca\u0142e \u017cycie ci\u0119\u017cko pracujemy na kawa\u0142ek chleba i ciep\u0142ego \nk\u0105ta, a ta kobieta za darmo \u017cyje z naszych podatk\u00f3w i prac\u0105 si\u0119 nie \npoha\u0144bi\u0142a.&nbsp;&nbsp;&nbsp;&nbsp;&nbsp;&nbsp;&nbsp;&nbsp;&nbsp;<\/p>\n                  <a href=\"https:\/\/antonianki.pl\/index.php\/managerki-ubostwa\/\" class=\"u-align-center u-btn u-button-style u-custom-color-13 u-hover-custom-color-14 u-btn-1\" target=\"_blank\">Czytaj wi\u0119cej<\/a>\n                <\/div>\n              <\/div>\n              <div class=\"u-container-align-center u-container-style u-image u-layout-cell u-size-30 u-image-1\" data-image-width=\"600\" data-image-height=\"399\" style=\"background-image: url(&quot;https:\/\/antonianki.pl\/wp-content\/uploads\/2026\/04\/medium_a-walk-in-the-park-1-1312084.jpg&quot;);\">\n                <div class=\"u-container-layout u-container-layout-2\"><\/div>\n              <\/div>\n            <\/div>\n          <\/div>\n        <\/div>\n      <\/div>\n    <\/section>\n    <section class=\"u-clearfix u-lightbox u-section-6\" id=\"block-4\">\n      <div class=\"u-clearfix u-sheet u-sheet-1\">\n        <div class=\"data-layout-selected u-clearfix u-expanded-width u-layout-wrap u-layout-wrap-1\">\n          <div class=\"u-layout\">\n            <div class=\"u-layout-row\">\n              <div class=\"u-container-style u-layout-cell u-size-30 u-layout-cell-1\">\n                <div class=\"u-container-layout u-container-layout-1\">\n                  <h2 class=\"u-align-center u-text u-text-default u-text-1\"> Stanis\u0142awa Leszczy\u0144ska - wz\u00f3r w realizacji Charyzmatu Zgromadzenia Si\u00f3str Antonianek <\/h2>\n                  <p class=\"u-text u-text-default u-text-2\"> Kluczowym poj\u0119ciem u\u017cytym w tytule niniejszego podrozdzia\u0142u jest s\u0142owo \ncharyzmat. Jest to \u201edar darmowy\u201d, jak powiedzia\u0142 \u015bw. Jan Chryzostom, \nczyli dar niezas\u0142u\u017cony. Jednocze\u015bnie jest on darem zadanym, a nie tylko \ndanym. Charyzmat ma s\u0142u\u017cy\u0107 wszystkim ludziom, a nie tylko osobie, w \nkt\u00f3rej posiadaniu si\u0119 znajduje.&nbsp; Charyzmat to dar \u0142aski, talent, \npowo\u0142anie.<\/p>\n                  <a href=\"https:\/\/antonianki.pl\/index.php\/stanislawa-leszczynska\/\" class=\"u-align-center u-btn u-button-style u-custom-color-13 u-hover-custom-color-14 u-btn-1\" target=\"_blank\">Czytaj wi\u0119cej<\/a>\n                <\/div>\n              <\/div>\n              <div class=\"u-container-align-center u-container-style u-image u-layout-cell u-size-30 u-image-1\" data-image-width=\"600\" data-image-height=\"394\" style=\"background-image: url(&quot;https:\/\/antonianki.pl\/wp-content\/uploads\/2026\/04\/medium_duchowa_adopcja_siostra.jpg&quot;);\">\n                <div class=\"u-container-layout u-container-layout-2\"><\/div>\n              <\/div>\n            <\/div>\n          <\/div>\n        <\/div>\n      <\/div>\n    <\/section>\n    <section class=\"u-clearfix u-lightbox u-section-7\" id=\"block-5\">\n      <div class=\"u-clearfix u-sheet u-sheet-1\">\n        <div class=\"data-layout-selected u-clearfix u-expanded-width u-layout-wrap u-layout-wrap-1\">\n          <div class=\"u-layout\">\n            <div class=\"u-layout-row\">\n              <div class=\"u-container-style u-layout-cell u-size-30 u-layout-cell-1\">\n                <div class=\"u-container-layout u-container-layout-1\">\n                  <h2 class=\"u-align-center u-text u-text-default u-text-1\"> W domu najlepiej<\/h2>\n                  <p class=\"u-text u-text-default u-text-2\"> Ka\u017cdy z nas potrzebuje domu. 33 lata temu pierwsza samotna matka ze \nswoim nowo narodzonym dzieckiem tak\u0105 bezpieczn\u0105 przysta\u0144 znalaz\u0142a w domu\n si\u00f3str antonianek przy ul. Janosika 141. Teraz siostry zdecydowa\u0142y si\u0119 \nprzyj\u0105\u0107 pod sw\u00f3j dach - do mieszka\u0144 chronionych kilka potrzebuj\u0105cych \nkobiet.<\/p>\n                  <a href=\"https:\/\/antonianki.pl\/index.php\/w-domu-najlepiej\/\" class=\"u-align-center u-btn u-button-style u-custom-color-13 u-hover-custom-color-14 u-btn-1\" target=\"_blank\">Czytaj wi\u0119cej<\/a>\n                <\/div>\n              <\/div>\n              <div class=\"u-container-align-center u-container-style u-image u-layout-cell u-size-30 u-image-1\" data-image-width=\"600\" data-image-height=\"401\" style=\"background-image: url(&quot;https:\/\/antonianki.pl\/wp-content\/uploads\/2026\/04\/medium_posluga058.jpg&quot;);\">\n                <div class=\"u-container-layout u-container-layout-2\"><\/div>\n              <\/div>\n            <\/div>\n          <\/div>\n        <\/div>\n      <\/div>\n    <\/section>\n    \n    \n    \n  \n<\/div>","protected":false},"excerpt":{"rendered":"<p>Antonianki ul. Janosika 141&nbsp;92-108 \u0141\u00f3d\u017a antonianki@wp.pl&nbsp;+48 42 679 27 20 kom. 507 170 901 Artyku\u0142y &#8222;Od partnera dosta\u0142a pieni\u0105dze na aborcj\u0119, uciek\u0142a za nie do Polski&#8221; &#8222;Od partnera dosta\u0142a pieni\u0105dze na aborcj\u0119, uciek\u0142a za nie do Polski&#8221; Kobiety, kt\u00f3re trafiaj\u0105 do Domu Samotnej Matki, najcz\u0119\u015bciej w\u0142a\u015bnie prze\u017cywaj\u0105 \u017cyciowy kryzys. Spodziewaj\u0105c si\u0119 dziecka, czasem ju\u017c z [&hellip;]<\/p>\n","protected":false},"author":1,"featured_media":0,"parent":0,"menu_order":0,"comment_status":"closed","ping_status":"closed","template":"","meta":{"_uag_custom_page_level_css":"","footnotes":""},"class_list":["post-166","page","type-page","status-publish","hentry"],"aioseo_notices":[],"uagb_featured_image_src":{"full":false,"thumbnail":false,"medium":false,"medium_large":false,"large":false,"1536x1536":false,"2048x2048":false},"uagb_author_info":{"display_name":"admin","author_link":"https:\/\/antonianki.pl\/index.php\/author\/admin\/"},"uagb_comment_info":0,"uagb_excerpt":"Antonianki ul. Janosika 141&nbsp;92-108 \u0141\u00f3d\u017a antonianki@wp.pl&nbsp;+48 42 679 27 20 kom. 507 170 901 Artyku\u0142y \"Od partnera dosta\u0142a pieni\u0105dze na aborcj\u0119, uciek\u0142a za nie do Polski\" \"Od partnera dosta\u0142a pieni\u0105dze na aborcj\u0119, uciek\u0142a za nie do Polski\" Kobiety, kt\u00f3re trafiaj\u0105 do Domu Samotnej Matki, najcz\u0119\u015bciej w\u0142a\u015bnie prze\u017cywaj\u0105 \u017cyciowy kryzys. Spodziewaj\u0105c si\u0119 dziecka, czasem ju\u017c z&hellip;","_links":{"self":[{"href":"https:\/\/antonianki.pl\/index.php\/wp-json\/wp\/v2\/pages\/166","targetHints":{"allow":["GET"]}}],"collection":[{"href":"https:\/\/antonianki.pl\/index.php\/wp-json\/wp\/v2\/pages"}],"about":[{"href":"https:\/\/antonianki.pl\/index.php\/wp-json\/wp\/v2\/types\/page"}],"author":[{"embeddable":true,"href":"https:\/\/antonianki.pl\/index.php\/wp-json\/wp\/v2\/users\/1"}],"replies":[{"embeddable":true,"href":"https:\/\/antonianki.pl\/index.php\/wp-json\/wp\/v2\/comments?post=166"}],"version-history":[{"count":10,"href":"https:\/\/antonianki.pl\/index.php\/wp-json\/wp\/v2\/pages\/166\/revisions"}],"predecessor-version":[{"id":384,"href":"https:\/\/antonianki.pl\/index.php\/wp-json\/wp\/v2\/pages\/166\/revisions\/384"}],"wp:attachment":[{"href":"https:\/\/antonianki.pl\/index.php\/wp-json\/wp\/v2\/media?parent=166"}],"curies":[{"name":"wp","href":"https:\/\/api.w.org\/{rel}","templated":true}]}}