{"id":195,"date":"2026-04-23T19:26:43","date_gmt":"2026-04-23T19:26:43","guid":{"rendered":"https:\/\/antonianki.pl\/?page_id=195"},"modified":"2026-04-25T10:53:55","modified_gmt":"2026-04-25T10:53:55","slug":"managerki-ubostwa","status":"publish","type":"page","link":"https:\/\/antonianki.pl\/managerki-ubostwa\/","title":{"rendered":"Managerki Ub\u00f3stwa"},"content":{"rendered":"<div class=\"\" style=\"\" >\n    \n    <section class=\"u-clearfix u-section-2\" id=\"block-6\">\n      <div class=\"u-clearfix u-sheet u-valign-middle-xl u-sheet-1\">\n        <div class=\"u-clearfix u-custom-html u-expanded-width u-custom-html-1\">\n          <marquee>\n            <p style=\"color: #808080; font-weight: bold; margin: 0; font-family: Arial, sans-serif;\"> Antonianki ul. Janosika 141&nbsp;92-108 \u0141\u00f3d\u017a antonianki@wp.pl&nbsp;+48 42 679 27 20 kom. 507 170 901 <\/p>\n          <\/marquee>\n        <\/div>\n      <\/div>\n    <\/section>\n    <section class=\"u-align-center u-clearfix u-container-align-center u-section-3\" id=\"block-3\">\n      <div class=\"u-clearfix u-sheet u-valign-middle u-sheet-1\">\n        <h1 class=\"u-align-center u-text u-text-default u-text-1\"> Managerki ub\u00f3stwa<\/h1>\n      <\/div>\n    <\/section>\n    <section class=\"u-clearfix u-section-4\" id=\"block-4\">\n      <div class=\"u-clearfix u-sheet u-sheet-1\">\n        <a href=\"\" class=\"u-active-none u-border-5 u-border-active-palette-2-dark-1 u-border-custom-color-13 u-border-hover-custom-color-14 u-border-no-left u-border-no-right u-border-no-top u-btn u-button-style u-hover-none u-none u-text-custom-color-13 u-btn-1\">Wr\u00f3\u0107<\/a>\n      <\/div>\n    <\/section>\n    <section class=\"u-clearfix u-section-5\" id=\"block-1\">\n      <div class=\"u-clearfix u-sheet u-sheet-1\">\n        <p class=\"u-align-justify u-text u-text-default u-text-1\"> Nigdy nie by\u0142am badaczem\u2026 nie wiem jaka opinia panuje w spo\u0142ecze\u0144stwie \nna temat samotnego macierzy\u0144stwa . Mog\u0119 tylko opiera\u0107 si\u0119 na w\u0142asnym \ndo\u015bwiadczeniu 10 letniej pracy z samotnymi matkami&nbsp; i ich dzie\u0107mi. \n\u015amia\u0142o mog\u0119 powiedzie\u0107 , \u017ce bywa r\u00f3\u017cnie\u2026 wiele razy spotyka\u0142am ludzi o \nwielkim sercu, ale z lekk\u0105 trwog\u0105 musz\u0119 przyzna\u0107, \u017ce coraz wi\u0119cej \nprzybywa tych, kt\u00f3rzy oceniaj\u0105, najcz\u0119\u015bciej w\u0142asn\u0105 miar\u0105 zbyt ciasn\u0105, by\n wej\u015b\u0107 w jej ramy. Gdy przychodz\u0105 do nas m\u0142ode samotne matki oczekuj\u0105ce \npomocy to najpierw pytam&nbsp; o imi\u0119, cz\u0119stuj\u0119 herbat\u0105, lub proponuj\u0119 \nposi\u0142ek i to&nbsp; pozwala mi zawi\u0105za\u0107 pierwsz\u0105 relacj\u0119. Chc\u0119 dostrzec w nich\n cz\u0142owieka, jego warto\u015b\u0107 i godno\u015b\u0107, niezale\u017cnie od historii, kt\u00f3ra j\u0105 do\n mnie przyprowadzi\u0142a. Oczywi\u015bcie zdarza mi si\u0119 niejednokrotnie oceni\u0107&nbsp; \noraz spojrze\u0107 krytycznym wzrokiem i pomy\u015ble\u0107: ja tu ju\u017c tyle lat \npracuje\u2026 nic z niej nie b\u0119dzie\u2026 szkoda czasu\u2026&nbsp; I wtedy zadaj\u0119 sobie \npytanie, a&nbsp; co mnie okre\u015bla? Czy&nbsp; jestem osob\u0105, kt\u00f3ra nie pope\u0142nia \nb\u0142\u0119d\u00f3w, czy z\u0142o kt\u00f3re czyni\u0119 znaczy, \u017ce jestem z\u0142em?&nbsp; Czy mog\u0119 da\u0107 sobie\n prawo, by na kogo\u015b patrze\u0107 ze wstr\u0119tem odbieraj\u0105c mu godno\u015b\u0107,tylko \ndlatego, \u017ce pope\u0142ni\u0142 b\u0142\u0105d? Czy chcialabym, \u017ceby kto\u015b patrzy\u0142 na mnie \npogardliwie... A jednak \u017ceby narodzi\u0142o si\u0119 nowe \u017cycie musz\u0119 popatrze\u0107 na\n kogo\u015b z mi\u0142o\u015bci\u0105&nbsp; i wiar\u0105, \u017ce mo\u017ce si\u0119 co\u015b zmieni\u0107. By\u0107 mo\u017ce trzeba nam\n sobie odpowiedzie\u0107 na podstawowe pytanie: Kim s\u0105 te samotne matki? \nMy\u015bl\u0105c o nich widz\u0119 biblijn\u0105 Hagar walcz\u0105c\u0105 o zaspokojenie potrzeb \nswojego dziecka, wykluczon\u0105 ze spo\u0142ecze\u0144stwa, samotn\u0105, spragnion\u0105 \nmi\u0142o\u015bci i poczucia bezpiecze\u0144stwa. \u0141\u0105czy ich jeden wsp\u00f3lny problem: \nmacierzy\u0144stwo. Sta\u0142y si\u0119 uci\u0105\u017cliwe dla rodziny, m\u0119\u017cczyzny, z kt\u00f3rym \nwi\u0105za\u0142y \u017cycie, spo\u0142eczno\u015bci, w kt\u00f3rej mieszka\u0142y. Mo\u017cna by\u0142o je wyrzuci\u0107 \nna \u015bmietnik, sta\u0142y si\u0119 niepotrzebne, zu\u017cyte. Nie nadawa\u0142y si\u0119 do pracy \nbo brzuch przeszkadza\u0142, dziecko ci\u0105gle \u201ewy\u0142o\u201d, potrzebowa\u0142y lekarstw, \nwyprawki dla dziecka i odpoczynku. Zosta\u0142y wykorzystane i odrzucone.&nbsp; \nPrzysz\u0142y do nas\u2026 tylko wtedy gdy ju\u017c zosta\u0142y wyczerpane wszystkie \nmo\u017cliwo\u015bci\u2026 M\u00f3wi\u0105: \u201e prosz\u0119 siostry to ju\u017c ostateczno\u015b\u0107, ja naprawd\u0119 nie\n mam gdzie i\u015b\u0107\u2026\u201d Przyjmujemy, staramy si\u0119 nie ocenia\u0107 \u2026 Boj\u0105 si\u0119 o \nprzysz\u0142o\u015b\u0107 swoj\u0105 i dzieci, s\u0105 zagubione, bezradne, nie potrafi\u0105 si\u0119 \nupora\u0107 nawet z b\u0142ahymi sprawami.&nbsp; Wydaj\u0105 si\u0119 by\u0107 wycofane, niezaradne i \npodejrzliwie traktuj\u0105 pomoc. Jedna z matek Urszula ma dwumiesi\u0119czn\u0105 \nc\u00f3rk\u0119. 2 lata temu zosta\u0142a eksmitowana z mieszkania, bo by\u0142a bezrobotna i\n je zad\u0142u\u017cy\u0142a. Znalaz\u0142a si\u0119 na ulicy, bez rodziny ( wychowa\u0142a si\u0119 w domu\n dziecka). B\u0142\u0105ka\u0142a si\u0119 po dworcach, parkach, jad\u0142a co popad\u0142o. Zauwa\u017cy\u0142 \nj\u0105 dobry wujek z bran\u017cy&nbsp; proponuj\u0105cej szybkie wzbogacenie si\u0119, a \nmianowicie prostytucje. Nie mia\u0142a nic do stracenia, zgodzi\u0142a si\u0119 \nnatychmiast. Za pierwsze pieni\u0105dze kupi\u0142a sobie dwie reklam\u00f3wki jedzenia\n i jad\u0142a dop\u00f3ki nie zwymiotowa\u0142a. Pracowa\u0142a w bran\u017cy dop\u00f3ki nie zasz\u0142a w\n ci\u0105\u017c\u0119 i brzuch nie sta\u0142 si\u0119 widoczny. Potem zosta\u0142a wyrzucona, bo \ndzieciak to zbyt du\u017cy k\u0142opot w agencji. Znowu zosta\u0142a na ulicy. Po \nporodzie opieka spo\u0142eczna skierowa\u0142a j\u0105 do nas. M\u00f3wi, \u017ce to dziecko daje\n jej motywacje do \u017cycia, chce by\u0107 lepsza. Dom Samotnej Matki jest \nutworzony specjalnie z my\u015bl\u0105 wsparcia dla kobiet w ci\u0105\u017cy i ma\u0142ymi \ndzie\u0107mi.&nbsp; Trafiaj\u0105 do nas matki, kt\u00f3re zdecydowa\u0142y si\u0119 na urodzenie \ndziecka. Czasem widzimy, \u017ce nie pragn\u0119\u0142y i nie planowa\u0142y swojego \nmacierzy\u0144stwa. Pomagamy im przyj\u0105\u0107 ten dar z mi\u0142o\u015bci\u0105 lub proponujemy \nalternatyw\u0119 oddania do adopcji. Wi\u0119kszo\u015b\u0107 kobiet zatrzymuje je jednak \nprzy sobie , nawet, je\u015bli przed narodzeniem deklarowa\u0142y je odda\u0107. Tak \nby\u0142o z Agnieszk\u0105, kt\u00f3ra po odej\u015bciu ch\u0142opaka, chcia\u0142a ci\u0105\u017ce \u201eusun\u0105\u0107\u201d. W \ndomu nie by\u0142o warunk\u00f3w na ma\u0142e dziecko, liczy\u0142a na niego,&nbsp; ale si\u0119 \n\u201ewypi\u0105\u0142\u201d. Postanowi\u0142a pozby\u0107 si\u0119 problemu, jednak lekarz, kt\u00f3ry mia\u0142 \ndokona\u0107 aborcji za\u017cyczy\u0142 sobie du\u017cych pieni\u0119dzy za \u201eprzyjemno\u015b\u0107\u201d. \nPostanowi\u0142a okres ci\u0105\u017cy przeczeka\u0107 w Domu Samotnej Matki, a potem \ndziecko odda\u0107 do adopcji. Jednak po porodzie uzna\u0142a, \u017ce nie mo\u017ce \u017cy\u0107 bez\n \u201eswojego Male\u0144stwa\u201d. Matek w trudnej sytuacji finansowej jest bardzo \ndu\u017co. Wobec du\u017cego bezrobocia, braku odpowiedniego wykszta\u0142cenia, oraz \nbraku opieki nad dzieckiem kobiety nie maja co marzy\u0107 o sta\u0142ym \nzatrudnieniu. Utrzymuj\u0105 si\u0119 g\u0142\u00f3wnie z Zasi\u0142ku MOPS i pracy na czarno. \nPr\u00f3buj\u0105 sklei\u0107 swoje \u017cycie i z tego skromnego wynagrodzenia od\u0142o\u017cy\u0107 par\u0119\n groszy na tzw. \u201eczarn\u0105 godzin\u0119\u201d. Staj\u0105 si\u0119 \u201emanagerkami\u201d ub\u00f3stwa i \nzaczynaj\u0105 \u017cycie na nowo. &nbsp;<br>s. Anna (antonianka)\n        <\/p>\n      <\/div>\n    <\/section>\n    \n    \n    \n  \n<\/div>","protected":false},"excerpt":{"rendered":"<p>Antonianki ul. Janosika 141&nbsp;92-108 \u0141\u00f3d\u017a antonianki@wp.pl&nbsp;+48 42 679 27 20 kom. 507 170 901 Managerki ub\u00f3stwa Wr\u00f3\u0107 Nigdy nie by\u0142am badaczem\u2026 nie wiem jaka opinia panuje w spo\u0142ecze\u0144stwie na temat samotnego macierzy\u0144stwa . Mog\u0119 tylko opiera\u0107 si\u0119 na w\u0142asnym do\u015bwiadczeniu 10 letniej pracy z samotnymi matkami&nbsp; i ich dzie\u0107mi. \u015amia\u0142o mog\u0119 powiedzie\u0107 , \u017ce bywa [&hellip;]<\/p>\n","protected":false},"author":1,"featured_media":0,"parent":0,"menu_order":0,"comment_status":"closed","ping_status":"closed","template":"","meta":{"footnotes":""},"class_list":["post-195","page","type-page","status-publish","hentry"],"_links":{"self":[{"href":"https:\/\/antonianki.pl\/wp-json\/wp\/v2\/pages\/195","targetHints":{"allow":["GET"]}}],"collection":[{"href":"https:\/\/antonianki.pl\/wp-json\/wp\/v2\/pages"}],"about":[{"href":"https:\/\/antonianki.pl\/wp-json\/wp\/v2\/types\/page"}],"author":[{"embeddable":true,"href":"https:\/\/antonianki.pl\/wp-json\/wp\/v2\/users\/1"}],"replies":[{"embeddable":true,"href":"https:\/\/antonianki.pl\/wp-json\/wp\/v2\/comments?post=195"}],"version-history":[{"count":8,"href":"https:\/\/antonianki.pl\/wp-json\/wp\/v2\/pages\/195\/revisions"}],"predecessor-version":[{"id":378,"href":"https:\/\/antonianki.pl\/wp-json\/wp\/v2\/pages\/195\/revisions\/378"}],"wp:attachment":[{"href":"https:\/\/antonianki.pl\/wp-json\/wp\/v2\/media?parent=195"}],"curies":[{"name":"wp","href":"https:\/\/api.w.org\/{rel}","templated":true}]}}