{"id":207,"date":"2026-04-23T19:25:54","date_gmt":"2026-04-23T19:25:54","guid":{"rendered":"https:\/\/antonianki.pl\/?page_id=207"},"modified":"2026-04-30T07:04:05","modified_gmt":"2026-04-30T07:04:05","slug":"w-domu-najlepiej","status":"publish","type":"page","link":"https:\/\/antonianki.pl\/w-domu-najlepiej\/","title":{"rendered":"W domu najlepiej"},"content":{"rendered":"<div class=\"\" style=\"\" >\n    \n    <section class=\"u-clearfix u-section-2\" id=\"block-6\">\n      <div class=\"u-clearfix u-sheet u-valign-middle-xl u-sheet-1\">\n        <div class=\"u-clearfix u-custom-html u-expanded-width u-custom-html-1\">\n          <marquee>\n            <p style=\"color: #808080; font-weight: bold; margin: 0; font-family: Arial, sans-serif;\"> Antonianki ul. Janosika 141&nbsp;92-108 \u0141\u00f3d\u017a antonianki@wp.pl&nbsp;+48 42 679 27 20 kom. 507 170 901 <\/p>\n          <\/marquee>\n        <\/div>\n      <\/div>\n    <\/section>\n    <section class=\"u-align-center u-clearfix u-container-align-center u-section-3\" id=\"block-3\">\n      <div class=\"u-clearfix u-sheet u-valign-middle u-sheet-1\">\n        <h1 class=\"u-align-center u-text u-text-default u-text-1\"> W domu najlepiej<\/h1>\n      <\/div>\n    <\/section>\n    <section class=\"u-clearfix u-section-4\" id=\"block-4\">\n      <div class=\"u-clearfix u-sheet u-sheet-1\">\n        <a href=\"\" class=\"u-active-none u-border-5 u-border-active-palette-2-dark-1 u-border-custom-color-13 u-border-hover-custom-color-14 u-border-no-left u-border-no-right u-border-no-top u-btn u-button-style u-hover-none u-none u-text-custom-color-13 u-btn-1\">Wr\u00f3\u0107<\/a>\n      <\/div>\n    <\/section>\n    <section class=\"u-clearfix u-section-5\" id=\"block-1\">\n      <div class=\"u-clearfix u-sheet u-sheet-1\">\n        <p class=\"u-align-justify u-text u-text-default u-text-1\">Zgromadzenie Si\u00f3str Antonianek od Chrystusa Kr\u00f3la zosta\u0142o zatwierdzone \nprzez biskupa \u0142\u00f3dzkiego Micha\u0142a Klepacza 22 grudnia 1959 r. przyjmuj\u0105c \nza cel szczeg\u00f3\u0142owy obron\u0119 \u017cycia nienarodzonych dzieci. Obranie takiego \ncelu by\u0142o odpowiedzi\u0105 na uchwalenie w 1956 r. ustawy dopuszczaj\u0105cej \nprzerywanie ci\u0105\u017cy ze&nbsp; wzgl\u0119d\u00f3w spo\u0142ecznych, czyli bez \u017cadnych \nogranicze\u0144. Od tego momentu \u017cycie pocz\u0119tych dzieci zosta\u0142o zagro\u017cone, \nszczeg\u00f3lnie w rodzinach niepe\u0142nych oraz dotkni\u0119tych ub\u00f3stwem materialnym\n i duchowym. Siostry, kt\u00f3re od chwili swego powstania, zgodnie z my\u015bl\u0105 \nza\u0142o\u017cyciela, b\u0142. ojca Anastazego Pankiewicza OFM anga\u017cowa\u0142y si\u0119 w opiek\u0119\n nad ubogimi dzie\u0107mi, od tej chwili obj\u0119\u0142y swoj\u0105 trosk\u0105 dzieci \nrzeczywi\u015bcie najubo\u017csze z ubogich, bo zagro\u017cone pozbawieniem \nnajwi\u0119kszego dobra \u2013 prawa do \u017cycia.<br>Przede wszystkim otoczy\u0142y swoj\u0105 \nmodlitw\u0105 zagro\u017cone w \u0142onach matek dzieci; poprzez modlitw\u0119 i duchow\u0105 \nofiar\u0119 wynagradza\u0142y za&nbsp; grzechy skierowane przeciwko \u017cyciu. Jednocze\u015bnie\n wysz\u0142y z inicjatyw\u0105 konkretnej pomocy matkom nie maj\u0105c w tej dziedzinie\n \u017cadnego do\u015bwiadczenia opr\u00f3cz otwartych d\u0142oni i serc zatroskanych o los \ntych najmniejszych. Pocz\u0105tkowo matki pojawia\u0142y si\u0119 u si\u00f3str \nsporadycznie, szukaj\u0105c g\u0142\u00f3wnie wsparcia duchowego, porady czy pomocy \nmaterialnej. Kiedy siostry przeprowadzi\u0142y si\u0119 z domu macierzystego przy \nul. Maria\u0144skiej do nowo wybudowanego przy ul. Janosika 141, sytuacja \nmieszkaniowa uleg\u0142a poprawie. W\u00f3wczas zgromadzanie podj\u0119\u0142o decyzj\u0119 o \nprzygotowaniu trzech pomieszcze\u0144 dla o\u015bmiu matek i ich dzieci. Tak \npowsta\u0142 pierwszy w \u0141odzi Dom Samotnej Matki. Dzie\u0144 6 grudnia 1978 roku, w\n kt\u00f3rym wprowadzi\u0142a si\u0119 tu pierwsza matka z noworodkiem, mo\u017cna uzna\u0107 \ndniem oficjalnego jego otwarcia.<br>Kobiety, kt\u00f3re zg\u0142asza\u0142y si\u0119 do \nsi\u00f3str&nbsp; nie pracowa\u0142y i najcz\u0119\u015bciej nie mia\u0142y wsparcia ze strony rodziny\n i biologicznego ojca dziecka. Zgromadzenie utrzymywa\u0142o matki przede \nwszystkim ze w\u0142asnych \u015brodk\u00f3w i sporadycznie otrzymywa\u0142o na ten cel \nofiary. Jednak najbardziej niezb\u0119dn\u0105 pomoc\u0105, jakie matki otrzymywa\u0142y \nby\u0142o pe\u0142ne mi\u0142o\u015bci i po\u015bwi\u0119cenia wsparcie w sytuacjach po ludzku \nbeznadziejnych, wsp\u00f3\u0142czucie i budzenie wiary w lepsze jutro. Siostry o \nnic ich nie wypytywa\u0142y, nie indagowa\u0142y, nie gorszy\u0142y si\u0119, nie \nmoralizowa\u0142y, stawia\u0142y jednak konkretne wymagania. Przyjmowane by\u0142y \nkobiety niezale\u017cnie od miejsca zamieszkania, wieku czy wyznania. Matka \nBonawentura Rybczy\u0144ska (\u00f3wczesna prze\u0142o\u017cona generalna) wspomina: \u201eto \n[by\u0142y] zazwyczaj bardzo dobre dziewcz\u0119ta, za szybko jednak uwierzy\u0142y\u2026\u201d<br>Sprawy\n urz\u0119dowe matek dotycz\u0105ce mieszkania czy aliment\u00f3w prowadzi\u0142a z wielkim \noddaniem mecenas&nbsp;&nbsp; Maria Sawicka (1923 \u2013 2011). Ona r\u00f3wnie\u017c poprzez \nTelefon Zaufania dla Kobiet z Ci\u0105\u017c\u0105 Problemow\u0105 i Spraw Rodzinnych, \nkierowa\u0142a do si\u00f3str kobiety nara\u017cone na pokus\u0119 aborcji.<br>W latach 1960\n \u2013 1992 siostry udzieli\u0142y pomocy 158 matkom, 70 z nich pochodzi\u0142o z \n\u0141odzi i okolic, pozosta\u0142e przyje\u017cd\u017ca\u0142y z ca\u0142ej Polski. 22 kobiety odda\u0142y\n dzieci do adopcji, reszta zdecydowa\u0142a si\u0119 na wychowanie swojego \ndziecka, wracaj\u0105c do \u015brodowisk rodzinnych lub usamodzielniaj\u0105c si\u0119.<br>Poniewa\u017c\n ze wzgl\u0119du na ograniczon\u0105 liczb\u0119 miejsc Dom przy ul. Janosika 141 nie \nm\u00f3g\u0142 przyj\u0105\u0107 wszystkich zg\u0142aszaj\u0105cych si\u0119 matek, Zgromadzenie \ndostrzega\u0142o potrzeb\u0119&nbsp; znalezienia wi\u0119kszego lokalu.<br>Nowy Diecezjalny \nDom Samotnej Matki w \u0141odzi, przy&nbsp; ul. Nowe Sady 17, erygowa\u0142 dekretem z \ndnia 15 grudnia 1991 roku arcybiskup \u0142\u00f3dzki W\u0142adys\u0142aw Zi\u00f3\u0142ek. By\u0142 to \npozyskany stary budynek, niedaleko zajezdni MPK. Zgodnie z wcze\u015bniejszym\n ustaleniem, dnia 4 maja 1992 r. prowadzenie DSM powierzono Zgromadzeniu\n Si\u00f3str Antonianek. Jego uroczyste otwarcie i po\u015bwi\u0119cenie przez \nArcybiskupa, po koniecznych remontach i adaptacjach, nast\u0105pi\u0142o 22 \nczerwca 1992 roku. Niebawem przeprowadzi\u0142y si\u0119 do niego samotne matki z \nJanosika.<br>Dom nazwany im. Stanis\u0142awy Leszczy\u0144skiej m\u00f3g\u0142 jednorazowo \nprzyj\u0105\u0107 trzydzie\u015bci matek wraz z dzie\u0107mi. By\u0142 to jeden z najwi\u0119kszych \nDom\u00f3w Samotnej Matki w Polsce. Decyzj\u0105 Arcybiskupa \u0141\u00f3dzkiego, z dniem 1 \nstycznia 2000 r. DSM zosta\u0142 w\u0142\u0105czony w struktur\u0119 Centrum S\u0142u\u017cby Rodzinie\n z siedzib\u0105 w \u0141odzi przy ul. Broniewskiego 1a. Poniewa\u017c stan techniczny \nbudynku stale si\u0119 pogarsza\u0142 Ksi\u0105dz Arcybiskup W\u0142adys\u0142aw Zi\u00f3\u0142ek, podj\u0105\u0142 \ndecyzj\u0119 o budowie nowego budynku. Prace rozpocz\u0119to w pa\u017adzierniku 2009 \nroku a w dwa lata p\u00f3\u017aniej, w dniu 13 pa\u017adziernika 2011 roku biskup Adam \nLepa dokona\u0142 po\u015bwi\u0119cenia i otwarcia nowego domu dla samotnych matek. DSM\n przy ulicy Broniewskiego 1a w \u0141odzi jest obecnie jednym z \nnajnowocze\u015bniejszych w Polsce O\u015brodk\u00f3w Wsparcia dla Kobiet w ci\u0105\u017cy i \nma\u0142oletnimi dzie\u0107mi.<br>Siostry chc\u0105c owocniej s\u0142u\u017cy\u0107 Ewangelii \u017bycia, \notaczaj\u0105c przez wiele lat opiek\u0105 matki naby\u0142y do\u015bwiadczenia w tej&nbsp; \npos\u0142udze i uzyska\u0142y odpowiednie kwalifikacje, by pomoc i wsparcie \nudzielane w tej plac\u00f3wce by\u0142y profesjonalne. Zacz\u0119\u0142y dostrzega\u0107, \u017ce \nmatki usamodzielniaj\u0105ce si\u0119 po pobycie w DSM maj\u0105 problemy z podj\u0119ciem \nniezale\u017cnego funkcjonowania. By\u0142y to trudno\u015bci z planowaniem codziennego\n bud\u017cetu, op\u0142acaniem na czas rachunk\u00f3w, prowadzeniem samodzielnego \ngospodarstwa domowego. Dla wielu z nich&nbsp; by\u0142y to przeszkody nie do \npokonania. U pod\u0142o\u017ca ich bezradno\u015bci sta\u0142&nbsp; brak wzorc\u00f3w rodzinnych i \ntrudno\u015bci w relacjach spo\u0142ecznych.&nbsp; Zdarza\u0142o si\u0119 \u017ce matki powraca\u0142y do \nplac\u00f3wki z kolejnym dzieckiem i brakiem \u015brodk\u00f3w na ich utrzymanie.<br>Dlatego\n w trosce o te m\u0142ode kobiety i ich dzieci Zgromadzenie podj\u0119\u0142o wyzwanie \notwarcia&nbsp; mieszka\u0144 chronionych \u2013 zosta\u0142y one powo\u0142ane do istnienia 1 \ngrudnia 2012 roku i mieszcz\u0105 si\u0119 w wydzielonej cz\u0119\u015bci Domu G\u0142\u00f3wnego \nZgromadzenia, przy ul. Janosika 141 \u2013 w pomieszczeniach, w kt\u00f3rych w \nlatach 1978 \u2013 1992 roku znajdowa\u0142y schronienie pierwsze samotne matki. W\n ten spos\u00f3b historia zatoczy\u0142a kr\u0105g.<br>Mieszkania chronione maj\u0105 s\u0142u\u017cy\u0107\n matkom opuszczaj\u0105cym DSM, kt\u00f3re oczekuj\u0105 na mieszkanie socjalne. \nPodstawowym ich zadaniem jest umo\u017cliwienie matkom przygotowania do \npe\u0142nej samodzielno\u015bci poprzez doskonalenie umiej\u0119tno\u015bci prowadzenia \ngospodarstwa domowego, radzenia sobie z problemami codziennego \u017cycia, \nrozporz\u0105dzania posiadanymi \u015brodkami finansowymi, pomoc w integracji ze \n\u015brodowiskiem poprzez rozw\u00f3j umiej\u0119tno\u015bci prawid\u0142owego wchodzenia w \nrelacje spo\u0142eczne, stwarzanie mo\u017cliwo\u015bci uzyskania wykszta\u0142cenia, \nzdobycia kwalifikacji zawodowych, poszukiwania pracy, przedszkola dla \ndzieci i doprowadzanie do finalizacji spraw zwi\u0105zanych z przydzieleniem i\n remontem lokalu socjalnego.<br>Dnia 4 stycznia 2013 roku do mieszka\u0144 chronionych wprowadzi\u0142a si\u0119 pierwsza matka z dw\u00f3jk\u0105 dzieci.<br>\n          <br>Dzi\u015b,\n gdy tak wiele os\u00f3b i praw staje si\u0119 wrogami \u017cycia; w tym czasie coraz \nwyra\u017aniejszego zmagania cywilizacji \u017cycia i mi\u0142o\u015bci z cywilizacj\u0105 \n\u015bmierci, utworzenie mieszka\u0144 chronionych jest konkretnym gestem \nZgromadzenia Si\u00f3str Antonianek na drodze rozwoju charyzmatu s\u0142u\u017cby \n\u017cyciu.<br>\n          <br>Siostry antonianki zapraszaj\u0105 do w\u0142\u0105czenia si\u0119 w modlitw\u0119 w\n intencji dzie\u0142 obrony \u017cycia. Od 2008 roku, w drug\u0105 niedziel\u0119 miesi\u0105ca \npodczas mszy \u015bw. sprawowanej w tej intencji w&nbsp; parafiach \u0141odzi i \ndiecezji siostry modl\u0105 si\u0119 z wiernymi o poszanowanie \u017cycia ludzkiego, \nprosz\u0105c o wstawiennictwo Maryj\u0119 - Matk\u0119 \u017cyj\u0105cych i udost\u0119pniaj\u0105c \nmateria\u0142y prolife.<br>Nowe dzie\u0142o mieszka\u0144 chronionych mo\u017cna r\u00f3wnie\u017c wspom\u00f3c materialnie.<br>Zgromadzenie Si\u00f3str Antonianek<br>\n          <br>ul. Janosika 141, 92-108 \u0141\u00f3d\u017a, tel. 42 6792720,<br>e-mail: antonianki@wp.pl, mieszkania.sa@wp.pl<br>nr konta: 51 1020 3378 0000 1802 0116 0969 \n        <\/p>\n      <\/div>\n    <\/section>\n    \n    \n    \n  \n<\/div>","protected":false},"excerpt":{"rendered":"<p>Antonianki ul. Janosika 141&nbsp;92-108 \u0141\u00f3d\u017a antonianki@wp.pl&nbsp;+48 42 679 27 20 kom. 507 170 901 W domu najlepiej Wr\u00f3\u0107 Zgromadzenie Si\u00f3str Antonianek od Chrystusa Kr\u00f3la zosta\u0142o zatwierdzone przez biskupa \u0142\u00f3dzkiego Micha\u0142a Klepacza 22 grudnia 1959 r. przyjmuj\u0105c za cel szczeg\u00f3\u0142owy obron\u0119 \u017cycia nienarodzonych dzieci. Obranie takiego celu by\u0142o odpowiedzi\u0105 na uchwalenie w 1956 r. ustawy dopuszczaj\u0105cej [&hellip;]<\/p>\n","protected":false},"author":1,"featured_media":0,"parent":0,"menu_order":0,"comment_status":"closed","ping_status":"closed","template":"","meta":{"footnotes":""},"class_list":["post-207","page","type-page","status-publish","hentry"],"_links":{"self":[{"href":"https:\/\/antonianki.pl\/wp-json\/wp\/v2\/pages\/207","targetHints":{"allow":["GET"]}}],"collection":[{"href":"https:\/\/antonianki.pl\/wp-json\/wp\/v2\/pages"}],"about":[{"href":"https:\/\/antonianki.pl\/wp-json\/wp\/v2\/types\/page"}],"author":[{"embeddable":true,"href":"https:\/\/antonianki.pl\/wp-json\/wp\/v2\/users\/1"}],"replies":[{"embeddable":true,"href":"https:\/\/antonianki.pl\/wp-json\/wp\/v2\/comments?post=207"}],"version-history":[{"count":6,"href":"https:\/\/antonianki.pl\/wp-json\/wp\/v2\/pages\/207\/revisions"}],"predecessor-version":[{"id":389,"href":"https:\/\/antonianki.pl\/wp-json\/wp\/v2\/pages\/207\/revisions\/389"}],"wp:attachment":[{"href":"https:\/\/antonianki.pl\/wp-json\/wp\/v2\/media?parent=207"}],"curies":[{"name":"wp","href":"https:\/\/api.w.org\/{rel}","templated":true}]}}