{"id":65,"date":"2026-04-22T23:54:49","date_gmt":"2026-04-22T23:54:49","guid":{"rendered":"https:\/\/antonianki.pl\/?page_id=65"},"modified":"2026-04-30T07:09:04","modified_gmt":"2026-04-30T07:09:04","slug":"formacja","status":"publish","type":"page","link":"https:\/\/antonianki.pl\/index.php\/formacja\/","title":{"rendered":"Formacja"},"content":{"rendered":"<div class=\"\" style=\"\" >\n    \n    <section class=\"u-clearfix u-lightbox u-section-2\" id=\"block-2\">\n      <div class=\"u-clearfix u-sheet u-sheet-1\">\n        <h2 class=\"u-align-center u-text u-text-1\">Formacja<\/h2>\n        <div class=\"data-layout-selected u-clearfix u-expanded-width-lg u-expanded-width-md u-expanded-width-sm u-expanded-width-xs u-layout-wrap u-layout-wrap-1\">\n          <div class=\"u-gutter-0 u-layout\">\n            <div class=\"u-layout-col\">\n              <div class=\"u-size-60\">\n                <div class=\"u-layout-row\">\n                  <div class=\"u-size-60\">\n                    <div class=\"u-layout-col\">\n                      <div class=\"u-container-style u-layout-cell u-shape-rectangle u-size-60 u-layout-cell-1\">\n                        <div class=\"u-container-layout u-valign-top-xl u-container-layout-1\">\n                          <div class=\"custom-expanded u-gallery u-layout-grid u-lightbox u-no-transition u-show-text-none u-gallery-1\">\n                            <div class=\"u-gallery-inner u-gallery-inner-1\">\n                              <div class=\"u-effect-hover-zoom u-gallery-item\">\n                                <div class=\"u-back-slide\" data-image-width=\"613\" data-image-height=\"459\">\n                                  <img decoding=\"async\" class=\"u-back-image u-expanded\" src=\"https:\/\/antonianki.pl\/wp-content\/uploads\/2026\/04\/formacj_postulat1.jpg\">\n                                <\/div>\n                                <div class=\"u-container-align-center-sm u-container-align-center-xs u-over-slide u-shading u-over-slide-1\"><\/div>\n                              <\/div>\n                              <div class=\"u-effect-hover-zoom u-gallery-item\">\n                                <div class=\"u-back-slide\" data-image-width=\"978\" data-image-height=\"743\">\n                                  <img decoding=\"async\" class=\"u-back-image u-expanded\" src=\"https:\/\/antonianki.pl\/wp-content\/uploads\/2026\/04\/formacja_nowicjat1.jpg\">\n                                <\/div>\n                                <div class=\"u-container-align-center-sm u-container-align-center-xs u-over-slide u-shading u-over-slide-2\"><\/div>\n                              <\/div>\n                              <div class=\"u-effect-hover-zoom u-gallery-item\">\n                                <div class=\"u-back-slide\" data-image-width=\"1092\" data-image-height=\"789\">\n                                  <img decoding=\"async\" class=\"u-back-image u-expanded\" src=\"https:\/\/antonianki.pl\/wp-content\/uploads\/2026\/04\/formacj_juniorat21.jpg\">\n                                <\/div>\n                                <div class=\"u-container-align-center-sm u-container-align-center-xs u-over-slide u-shading u-over-slide-3\"><\/div>\n                              <\/div>\n                            <\/div>\n                          <\/div>\n                          <div class=\"fr-view u-clearfix u-rich-text u-text u-text-2\">\n                            <p id=\"isPasted\">&nbsp;Do wype\u0142niania powo\u0142ania i zada\u0144 z nim zwi\u0105zanych, siostry przygotowuj\u0105 si\u0119 przez postulat, nowicjat i juniorat.<\/p>\n                            <p>Postulat trwa 6-12 miesi\u0119cy. Ma on u\u0142atwi\u0107 stopniowe przej\u015bcie z \u017cycia \u015bwieckiego do \u017cycia w nowicjacie przez w\u0142\u0105czanie postulantek w modlitwy i prace Zgromadzenia. Postulantki nosz\u0105 na co dzie\u0144 str\u00f3j \u015bwiecki, uroczystym strojem jest bia\u0142a bluzka i czarna sp\u00f3dnica.&nbsp;<\/p>\n                            <p>\n                              <br>\n                            <\/p>\n                            <p>Nowicjat trwa 2 lata: przez 1 rok nowicjuszka przebywa we wsp\u00f3lnocie nowicjatu pod kierunkiem mistrzyni. W drugim roku nowicjatu nowicjuszki, wed\u0142ug potrzeb, przebywaj\u0105 okre\u015blony czas w innych domach Zgromadzenia dla cel\u00f3w formacyjnych i lepszego przygotowania do zada\u0144 apostolskich.<\/p>\n                            <p>\n                              <br>\n                            <\/p>\n                            <p>W nowicjacie siostry w atmosferze ciszy i skupienia ucz\u0105 si\u0119 pe\u0142niej oddawa\u0107 siebie Bogu. Poznaj\u0105 i pog\u0142\u0119biaj\u0105 swoje powo\u0142anie, zapoznaj\u0105 si\u0119 z duchowo\u015bci\u0105 franciszka\u0144sk\u0105 i naszym patronem - \u015bw. Antonim z Padwy, histori\u0105, tradycjami i ustawami Zgromadzenia, wed\u0142ug kt\u00f3rych maj\u0105 \u017cy\u0107. Przede wszystkim jednak ucz\u0105 si\u0119 bycia z Chrystusem przez modlitw\u0119: trwanie przed Nim w adoracji, rozwa\u017canie S\u0142owa Bo\u017cego, modlitw\u0119 liturgiczn\u0105 Ko\u015bcio\u0142a, rozwa\u017canie tajemnic Jego \u017cycia wraz z Maryj\u0105 w r\u00f3\u017ca\u0144cu i koronce serafickiej. Rozpoczynaj\u0105 tak\u017ce praktykowanie rad ewangelicznych: czysto\u015bci, ub\u00f3stwa i pos\u0142usze\u0144stwa, do\u015bwiadczaj\u0105 \u017cycia we wsp\u00f3lnocie z siostrami, kt\u00f3re \"daje im Pan\", ucz\u0105 si\u0119 \"ma\u0142o\u015bci\" franciszka\u0144skiej przez wykonywanie najprostszych, codziennych prac. Nowicjuszka nosi bia\u0142y welonik i czarn\u0105 sukienk\u0119 z bia\u0142ym ko\u0142nierzykiem.&nbsp;<\/p>\n                            <p>\n                              <br>\n                            <\/p>\n                            <p>W dniu pierwszej profesji zakonnej stajemy si\u0119 Oblubienicami Chrystusa, otrzymuj\u0105c habit i welon - znaki konsekracji, franciszka\u0144ski pasek i krzy\u017cyk oraz imi\u0119 zakonne.<\/p>\n                            <p>\n                              <br>\n                            <\/p>\n                            <p>W czasie junioratu, kt\u00f3ry trwa 5 lat siostry nadal pog\u0142\u0119biaj\u0105 sw\u0105 formacj\u0119 duchow\u0105 oraz podejmuj\u0105 nauk\u0119 w celu przygotowania zawodowego i apostolskiego, stosownie do cel\u00f3w Zgromadzenia.<\/p>\n                            <p>\n                              <br>\n                            <\/p>\n                            <p>\u015aluby wieczyste to d\u0142ugo oczekiwany i upragniony dzie\u0144 wieczystych za\u015blubin z Chrystusem - ich zewn\u0119trznym znakiem staje si\u0119 srebrna obr\u0105czka z napisem \"B\u00f3g m\u00f3j i wszystko\".<\/p>\n                            <p>\n                              <br>\n                            <\/p>\n                            <p>Formacja sta\u0142a - permanentna to prawdziwe wyzwanie - oddychanie \u017cyciem - uczenie si\u0119, aby w ka\u017cdym, przeznaczonym dla nas miejscu, pozwala\u0107 kszta\u0142towa\u0107 si\u0119 Bogu, objawiaj\u0105cemu sw\u0105 mi\u0142o\u015b\u0107 w codziennych wydarzeniach.<\/p>\n                          <\/div>\n                        <\/div>\n                      <\/div>\n                    <\/div>\n                  <\/div>\n                <\/div>\n              <\/div>\n            <\/div>\n          <\/div>\n        <\/div>\n      <\/div>\n    <\/section>\n    <section class=\"u-clearfix u-section-3\" id=\"block-4\">\n      <div class=\"u-clearfix u-sheet u-valign-middle-xl u-sheet-1\">\n        <div class=\"u-clearfix u-custom-html u-expanded-width u-custom-html-1\">\n          <marquee>\n            <p style=\"color: #808080; font-weight: bold; margin: 0; font-family: Arial, sans-serif;\"> Antonianki ul. Janosika 141&nbsp;92-108 \u0141\u00f3d\u017a antonianki@wp.pl&nbsp;+48 42 679 27 20 kom. 507 170 901 <\/p>\n          <\/marquee>\n        <\/div>\n      <\/div>\n    <\/section>\n    \n    \n    \n  \n<\/div>","protected":false},"excerpt":{"rendered":"<p>Formacja &nbsp;Do wype\u0142niania powo\u0142ania i zada\u0144 z nim zwi\u0105zanych, siostry przygotowuj\u0105 si\u0119 przez postulat, nowicjat i juniorat. Postulat trwa 6-12 miesi\u0119cy. Ma on u\u0142atwi\u0107 stopniowe przej\u015bcie z \u017cycia \u015bwieckiego do \u017cycia w nowicjacie przez w\u0142\u0105czanie postulantek w modlitwy i prace Zgromadzenia. Postulantki nosz\u0105 na co dzie\u0144 str\u00f3j \u015bwiecki, uroczystym strojem jest bia\u0142a bluzka i czarna [&hellip;]<\/p>\n","protected":false},"author":1,"featured_media":0,"parent":0,"menu_order":0,"comment_status":"closed","ping_status":"closed","template":"","meta":{"_uag_custom_page_level_css":"","footnotes":""},"class_list":["post-65","page","type-page","status-publish","hentry"],"aioseo_notices":[],"uagb_featured_image_src":{"full":false,"thumbnail":false,"medium":false,"medium_large":false,"large":false,"1536x1536":false,"2048x2048":false},"uagb_author_info":{"display_name":"admin","author_link":"https:\/\/antonianki.pl\/index.php\/author\/admin\/"},"uagb_comment_info":0,"uagb_excerpt":"Formacja &nbsp;Do wype\u0142niania powo\u0142ania i zada\u0144 z nim zwi\u0105zanych, siostry przygotowuj\u0105 si\u0119 przez postulat, nowicjat i juniorat. Postulat trwa 6-12 miesi\u0119cy. Ma on u\u0142atwi\u0107 stopniowe przej\u015bcie z \u017cycia \u015bwieckiego do \u017cycia w nowicjacie przez w\u0142\u0105czanie postulantek w modlitwy i prace Zgromadzenia. Postulantki nosz\u0105 na co dzie\u0144 str\u00f3j \u015bwiecki, uroczystym strojem jest bia\u0142a bluzka i czarna&hellip;","_links":{"self":[{"href":"https:\/\/antonianki.pl\/index.php\/wp-json\/wp\/v2\/pages\/65","targetHints":{"allow":["GET"]}}],"collection":[{"href":"https:\/\/antonianki.pl\/index.php\/wp-json\/wp\/v2\/pages"}],"about":[{"href":"https:\/\/antonianki.pl\/index.php\/wp-json\/wp\/v2\/types\/page"}],"author":[{"embeddable":true,"href":"https:\/\/antonianki.pl\/index.php\/wp-json\/wp\/v2\/users\/1"}],"replies":[{"embeddable":true,"href":"https:\/\/antonianki.pl\/index.php\/wp-json\/wp\/v2\/comments?post=65"}],"version-history":[{"count":14,"href":"https:\/\/antonianki.pl\/index.php\/wp-json\/wp\/v2\/pages\/65\/revisions"}],"predecessor-version":[{"id":393,"href":"https:\/\/antonianki.pl\/index.php\/wp-json\/wp\/v2\/pages\/65\/revisions\/393"}],"wp:attachment":[{"href":"https:\/\/antonianki.pl\/index.php\/wp-json\/wp\/v2\/media?parent=65"}],"curies":[{"name":"wp","href":"https:\/\/api.w.org\/{rel}","templated":true}]}}