{"id":67,"date":"2026-04-22T23:55:19","date_gmt":"2026-04-22T23:55:19","guid":{"rendered":"https:\/\/antonianki.pl\/?page_id=67"},"modified":"2026-04-30T07:04:18","modified_gmt":"2026-04-30T07:04:18","slug":"wspolnoty","status":"publish","type":"page","link":"https:\/\/antonianki.pl\/index.php\/wspolnoty\/","title":{"rendered":"Wsp\u00f3lnoty"},"content":{"rendered":"<div class=\"\" style=\"\" >\n    \n    <section class=\"u-clearfix u-section-2\" id=\"block-4\">\n      <div class=\"u-clearfix u-sheet u-valign-middle-xl u-sheet-1\">\n        <div class=\"u-clearfix u-custom-html u-expanded-width u-custom-html-1\">\n          <marquee>\n            <p style=\"color: #808080; font-weight: bold; margin: 0; font-family: Arial, sans-serif;\"> Antonianki ul. Janosika 141&nbsp;92-108 \u0141\u00f3d\u017a antonianki@wp.pl&nbsp;+48 42 679 27 20 kom. 507 170 901 <\/p>\n          <\/marquee>\n        <\/div>\n      <\/div>\n    <\/section>\n    <section class=\"u-clearfix u-lightbox u-section-3\" id=\"block-2\">\n      <div class=\"u-clearfix u-sheet u-sheet-1\">\n        <div class=\"data-layout-selected u-clearfix u-expanded-width u-layout-wrap u-layout-wrap-1\">\n          <div class=\"u-gutter-0 u-layout\">\n            <div class=\"u-layout-col\">\n              <div class=\"u-size-60\">\n                <div class=\"u-layout-row\">\n                  <div class=\"u-size-60\">\n                    <div class=\"u-layout-col\">\n                      <div class=\"u-container-style u-layout-cell u-shape-rectangle u-size-60 u-layout-cell-1\">\n                        <div class=\"u-container-layout u-container-layout-1\">\n                          <div class=\"fr-view u-align-center u-clearfix u-rich-text u-text u-text-1\">\n                            <h1 id=\"isPasted\">Wsp\u00f3lnoty<\/h1>\n                            <p style=\"text-align: left;\"><span style=\"line-height: 2.0;\">\n                                <img decoding=\"async\" align=\"center\" style=\"width: 382px;\" class=\"fr-dii fr-fic fr-fir\" src=\"https:\/\/antonianki.pl\/wp-content\/uploads\/2026\/04\/dom-janosika.jpg\" width=\"370\"><\/span>\n                            <\/p>\n                            <p style=\"text-align: justify;\">&nbsp;Dom Formacyjny i Generalny Zgromadzenia. ul. Janosika 14192-108 \u0141\u00f3d\u017a tel. 0 42 679 27 20e-mail: <a href=\"mailto:antonianki@wp.pl\" id=\"isPasted\">&nbsp;antonianki@wp.pl<\/a>Konto: Zgromadzenie Si\u00f3str Antonianek &nbsp;51 1020 3378 0000 1802 0116 0969 Apostolstwo si\u00f3str tego domu to katechizacja w szko\u0142ach i przedszkolach oraz praca w sekretariacie i bibliotece Katolickiego Liceum i Gimnazjum Ojc\u00f3w Bernardyn\u00f3w im. O. Anastazego Pankiewicza (jako kontynuacja dzie\u0142a Ojca Za\u0142o\u017cyciela). Tak\u017ce praca w Katolickim Przedszkolu Albercik w parafii \u015bw. Alberta Chmielowskiego oraz w zakrystii.W dniu 1 grudnia 2012 roku w wydzielonej cz\u0119\u015bci tego domu powsta\u0142y mieszkania chronione dla kobiet opuszczaj\u0105cych Dom Samotnej Matki przy ul. Broniewskiego 1a. A 4 stycznia 2013 roku wprowadzi\u0142a si\u0119 do nich pierwsza matka z dw\u00f3jk\u0105 dzieci.W domu tym organizowane s\u0105 rekolekcje i dni skupienia dla dziewcz\u0105t, kt\u00f3rych tematem jest godno\u015b\u0107 osoby ludzkiej, powo\u0142anie kobiety oraz s\u0142u\u017cba \u017cyciu. W czasie uroczystej Eucharystii mo\u017cna podj\u0105\u0107 Duchow\u0105 Adopcj\u0119 pocz\u0119tego dziecka. W drug\u0105 niedziel\u0119 miesi\u0105ca w r\u00f3\u017cnych parafiach \u0141odzi i diecezji siostry modl\u0105 si\u0119 z wiernymi w intencjach dzie\u0142 obrony \u017cycia, udost\u0119pniaj\u0105c w\u00f3wczas materia\u0142y prolife.Siostry na etapie formacji podstawowej i siostry starsze, kt\u00f3re nie podejmuj\u0105 dzia\u0142alno\u015bci zewn\u0119trznej, r\u00f3wnie\u017c s\u0142u\u017c\u0105 Ewangelii \u017cycia: w codziennej modlitwie i adoracji dzi\u0119kuj\u0105 Bogu za dar \u017cycia, wstawiaj\u0105 si\u0119 za pocz\u0119tymi i zagro\u017conymi w \u0142onach matek dzie\u0107mi, wynagradzaj\u0105 za grzechy przeciwko \u017cyciu sk\u0142adaj\u0105c w codzienno\u015bci dar z siebie przez cz\u0119sto niepozorne i ukryte gesty ofiary.\n                            <\/p>\n                            <p>\n                              <a href=\"http:\/\/www.antonianki.pl\/wgrane-pliki\/duchowosc_sw.antoni.jpg?bg_box\"><\/a>\n                            <\/p>\n                            <p>\n                              <br>\n                            <\/p>\n                          <\/div>\n                          <div class=\"fr-view u-clearfix u-rich-text u-text u-text-2\">\n                            <h2 style=\"text-align: left;\"><span style=\"line-height: 2.0;\">\n                                <img decoding=\"async\" align=\"center\" style=\"width: 382px;\" class=\"fr-dii fr-fic fr-fir\" src=\"https:\/\/antonianki.pl\/wp-content\/uploads\/2026\/04\/wsponoty_czestochowa.jpg\" width=\"376.5\"><\/span>\n                            <\/h2>\n                            <p id=\"isPasted\">\n                              <a class=\"u-btn u-button-link u-button-style u-text-palette-1-base u-btn-1\" href=\"https:\/\/antonianki.pl\/index.php\/standardy-ochrony\/\" rel=\"noopener noreferrer\" target=\"_blank\"><span class=\"u-text-custom-color-11\">Standardy ochrony dzieci i os\u00f3b bezbronnych Kaplicy i Domu Zakonnego Zgromadzenia Si\u00f3str Antonianek od Chrystusa Kr\u00f3la<\/span>\n                              <\/a>\n                            <\/p>\n                            <p>ul. 7 Kamienic 1542-200 Cz\u0119stochowa<\/p>\n                            <p>e-mail: <a href=\"mailto:antoniankicz@gmail.com\">antoniankicz@gmail.com<\/a>\n                            <\/p>\n                            <p>Apostolstwo si\u00f3str tej plac\u00f3wki to pos\u0142uga pielgrzymom oraz pos\u0142uguje samotnym matkom i ich dzieciom w Domu Samotnej Matki prowadzonym przez Caritas Archidiecezji Cz\u0119stochowskiej.<\/p>\n                            <p>Rezerwacja nocleg\u00f3w pod numerem: 797 252 696<\/p>\n                          <\/div>\n                          <div class=\"fr-view u-clearfix u-rich-text u-text u-text-3\">\n                            <h2 style=\"text-align: left;\"><span style=\"line-height: 2.0;\">\n                                <img decoding=\"async\" align=\"center\" style=\"width: 382px;\" class=\"fr-dii fr-fic fr-fil\" src=\"https:\/\/antonianki.pl\/wp-content\/uploads\/2026\/04\/dzialnosc_apostolska_dsm.jpg\" width=\"376.5\"><\/span>\n                            <\/h2>\n                            <p>\n                              <a href=\"http:\/\/www.antonianki.pl\/wgrane-pliki\/dzialnosc_apostolska_dsm.jpg?bg_box\" id=\"isPasted\"><\/a>\n                            <\/p>\n                            <p>Dom Samotnej Matki<\/p>\n                            <p>ul. Broniewskiego 1a ,&nbsp;<\/p>\n                            <p>93-162 \u0141\u00f3d\u017a<\/p>\n                            <p>tel. 0 42 688 18 49<\/p>\n                            <p>e-mail: <a href=\"mailto:dsm@archidiecezja.lodz.pl\">dsm@archidiecezja.lodz.pl<\/a>\n                            <\/p>\n                            <p>\n                              <a href=\"http:\/\/www.csr.org.pl\/dsm\/aktualnosci.php\">http:\/\/www.csr.org.pl\/dsm\/aktualnosci.php<\/a>\n                            <\/p>\n                            <p>W czerwcu 1992 roku na pro\u015bb\u0119 Arcybiskupa \u0141\u00f3dzkiego W\u0142adys\u0142awa Zi\u00f3\u0142ka, Dom Samotnej Matki mieszcz\u0105cy si\u0119 przy ul. Janosika 141 zosta\u0142 przeniesiony do budynku wydzier\u017cawionego przez Kuri\u0119 przy ul. Nowe Sady 17. Z powodu z\u0142ego stanu tego budynku 12 pa\u017adziernika 2009 roku rozpocz\u0119to budow\u0119 nowego domu przy Centrum S\u0142u\u017cby Rodzinie, ul. Broniewskiego 1a.13 pa\u017adziernika 2011 roku zosta\u0142 on przez biskupa Adama Lep\u0119 uroczy\u015bcie po\u015bwi\u0119cony &nbsp;i otwarty.Apostolstwo si\u00f3str tej plac\u00f3wki to bezpo\u015brednia realizacja charyzmatu Zgromadzenia i s\u0142u\u017cba \u017cyciu poprzez obecno\u015b\u0107 i codzienn\u0105 trosk\u0119 o matki i ich dzieci. Aktualnie w domu przebywaj\u0105 i pracuj\u0105 3 siostry: dyrektor i 2 opiekunki. Zatrudnieni s\u0105 w nim r\u00f3wnie\u017c pracownicy \u015bwieccy: ksi\u0119gowa, po\u0142o\u017cna, psycholog, kucharki i kierowca.<\/p>\n                          <\/div>\n                        <\/div>\n                      <\/div>\n                    <\/div>\n                  <\/div>\n                <\/div>\n              <\/div>\n            <\/div>\n          <\/div>\n        <\/div>\n      <\/div>\n    <\/section>\n    \n    \n    \n  \n<\/div>","protected":false},"excerpt":{"rendered":"<p>Antonianki ul. Janosika 141&nbsp;92-108 \u0141\u00f3d\u017a antonianki@wp.pl&nbsp;+48 42 679 27 20 kom. 507 170 901 Wsp\u00f3lnoty &nbsp;Dom Formacyjny i Generalny Zgromadzenia. ul. Janosika 14192-108 \u0141\u00f3d\u017a tel. 0 42 679 27 20e-mail: &nbsp;antonianki@wp.plKonto: Zgromadzenie Si\u00f3str Antonianek &nbsp;51 1020 3378 0000 1802 0116 0969 Apostolstwo si\u00f3str tego domu to katechizacja w szko\u0142ach i przedszkolach oraz praca w sekretariacie [&hellip;]<\/p>\n","protected":false},"author":1,"featured_media":0,"parent":0,"menu_order":0,"comment_status":"closed","ping_status":"closed","template":"","meta":{"_uag_custom_page_level_css":"","footnotes":""},"class_list":["post-67","page","type-page","status-publish","hentry"],"aioseo_notices":[],"uagb_featured_image_src":{"full":false,"thumbnail":false,"medium":false,"medium_large":false,"large":false,"1536x1536":false,"2048x2048":false},"uagb_author_info":{"display_name":"admin","author_link":"https:\/\/antonianki.pl\/index.php\/author\/admin\/"},"uagb_comment_info":0,"uagb_excerpt":"Antonianki ul. Janosika 141&nbsp;92-108 \u0141\u00f3d\u017a antonianki@wp.pl&nbsp;+48 42 679 27 20 kom. 507 170 901 Wsp\u00f3lnoty &nbsp;Dom Formacyjny i Generalny Zgromadzenia. ul. Janosika 14192-108 \u0141\u00f3d\u017a tel. 0 42 679 27 20e-mail: &nbsp;antonianki@wp.plKonto: Zgromadzenie Si\u00f3str Antonianek &nbsp;51 1020 3378 0000 1802 0116 0969 Apostolstwo si\u00f3str tego domu to katechizacja w szko\u0142ach i przedszkolach oraz praca w sekretariacie&hellip;","_links":{"self":[{"href":"https:\/\/antonianki.pl\/index.php\/wp-json\/wp\/v2\/pages\/67","targetHints":{"allow":["GET"]}}],"collection":[{"href":"https:\/\/antonianki.pl\/index.php\/wp-json\/wp\/v2\/pages"}],"about":[{"href":"https:\/\/antonianki.pl\/index.php\/wp-json\/wp\/v2\/types\/page"}],"author":[{"embeddable":true,"href":"https:\/\/antonianki.pl\/index.php\/wp-json\/wp\/v2\/users\/1"}],"replies":[{"embeddable":true,"href":"https:\/\/antonianki.pl\/index.php\/wp-json\/wp\/v2\/comments?post=67"}],"version-history":[{"count":7,"href":"https:\/\/antonianki.pl\/index.php\/wp-json\/wp\/v2\/pages\/67\/revisions"}],"predecessor-version":[{"id":390,"href":"https:\/\/antonianki.pl\/index.php\/wp-json\/wp\/v2\/pages\/67\/revisions\/390"}],"wp:attachment":[{"href":"https:\/\/antonianki.pl\/index.php\/wp-json\/wp\/v2\/media?parent=67"}],"curies":[{"name":"wp","href":"https:\/\/api.w.org\/{rel}","templated":true}]}}