{"id":71,"date":"2026-04-22T23:55:14","date_gmt":"2026-04-22T23:55:14","guid":{"rendered":"https:\/\/antonianki.pl\/?page_id=71"},"modified":"2026-04-30T07:03:51","modified_gmt":"2026-04-30T07:03:51","slug":"standardy-ochrony","status":"publish","type":"page","link":"https:\/\/antonianki.pl\/index.php\/standardy-ochrony\/","title":{"rendered":"Standardy Ochrony"},"content":{"rendered":"<div class=\"\" style=\"\" >\n    \n    <section class=\"u-clearfix u-section-2\" id=\"block-4\">\n      <div class=\"u-clearfix u-sheet u-valign-middle-xl u-sheet-1\">\n        <div class=\"u-clearfix u-custom-html u-expanded-width u-custom-html-1\">\n          <marquee>\n            <p style=\"color: #808080; font-weight: bold; margin: 0; font-family: Arial, sans-serif;\"> Antonianki ul. Janosika 141&nbsp;92-108 \u0141\u00f3d\u017a antonianki@wp.pl&nbsp;+48 42 679 27 20 kom. 507 170 901 <\/p>\n          <\/marquee>\n        <\/div>\n      <\/div>\n    <\/section>\n    <section class=\"u-clearfix u-lightbox u-section-3\" id=\"block-2\">\n      <div class=\"u-clearfix u-sheet u-valign-middle-xl u-sheet-1\">\n        <div class=\"data-layout-selected u-clearfix u-expanded-width u-layout-wrap u-layout-wrap-1\">\n          <div class=\"u-gutter-0 u-layout\">\n            <div class=\"u-layout-col\">\n              <div class=\"u-size-60\">\n                <div class=\"u-layout-row\">\n                  <div class=\"u-size-60\">\n                    <div class=\"u-layout-col\">\n                      <div class=\"u-container-style u-layout-cell u-shape-rectangle u-size-60 u-layout-cell-1\">\n                        <div class=\"u-container-layout u-container-layout-1\">\n                          <div class=\"fr-view u-align-center u-clearfix u-rich-text u-text u-text-1\">\n                            <h1 id=\"isPasted\">Standardy Ochrony<\/h1>\n                            <p>\n                              <br>\n                            <\/p>\n                            <p style=\"text-align: center;\">\n                              <a class=\"u-btn u-button-link u-button-style u-file-link u-text-palette-1-base u-btn-1\" href=\"https:\/\/antonianki.pl\/wp-content\/uploads\/2026\/04\/lodz_dom_formacyjny_standardy.docx\" id=\"isPasted\" rel=\"noopener noreferrer\" target=\"_blank\">lodz_dom_formacyjny_standardy<\/a>\n                            <\/p>\n                            <p style=\"text-align: center;\">\n                              <a class=\"u-btn u-button-link u-button-style u-file-link u-text-palette-1-base u-btn-2\" href=\"https:\/\/antonianki.pl\/wp-content\/uploads\/2026\/04\/lodz_dsm_standardy.docx\" target=\"\">lodz_dsm_standardy<\/a>\n                              <a href=\"http:\/\/www.antonianki.pl\/wgrane-pliki\/lodz_dsm_standardy.docx\" target=\"_blank\"><\/a>\n                            <\/p>\n                            <p style=\"text-align: center;\">\n                              <a href=\"http:\/\/www.antonianki.pl\/wgrane-pliki\/lodz_dom_generalny_standardy.docx\" target=\"_blank\"><\/a>\n                              <a class=\"u-btn u-button-link u-button-style u-file-link u-text-palette-1-base u-btn-3\" href=\"https:\/\/antonianki.pl\/wp-content\/uploads\/2026\/04\/lodz_dom_generalny_standardy.docx\" target=\"\">lodz_dom_generalny_standardy&nbsp;<\/a>\n                              <a href=\"http:\/\/www.antonianki.pl\/wgrane-pliki\/lodz_mieszkania_chronione_standardy.docx\" target=\"_blank\"><\/a>\n                            <\/p>\n                            <p style=\"text-align: center;\">\n                              <a href=\"http:\/\/www.antonianki.pl\/wgrane-pliki\/lodz_mieszkania_chronione_standardy.docx\" target=\"_blank\"><\/a>\n                              <a class=\"u-btn u-button-link u-button-style u-file-link u-text-palette-1-base u-btn-4\" href=\"https:\/\/antonianki.pl\/wp-content\/uploads\/2026\/04\/lodz_mieszkania_chronione_standardy.docx\" target=\"\">lodz_mieszkania_chronione_standardy<\/a>\n                            <\/p>\n                            <p style=\"text-align: center;\">\n                              <a href=\"http:\/\/www.antonianki.pl\/wgrane-pliki\/czestochowa_standardy.docx\" target=\"_blank\"><\/a>\n                              <a class=\"u-btn u-button-link u-button-style u-file-link u-text-palette-1-base u-btn-5\" href=\"https:\/\/antonianki.pl\/wp-content\/uploads\/2026\/04\/czestochowa_standardy.docx\" target=\"\">czestochowa_standardy<\/a>\n                            <\/p>\n                            <p>\n                              <br>\n                            <\/p>\n                          <\/div>\n                        <\/div>\n                      <\/div>\n                    <\/div>\n                  <\/div>\n                <\/div>\n              <\/div>\n            <\/div>\n          <\/div>\n        <\/div>\n      <\/div>\n    <\/section>\n    \n    \n    \n  \n<\/div>","protected":false},"excerpt":{"rendered":"<p>Antonianki ul. Janosika 141&nbsp;92-108 \u0141\u00f3d\u017a antonianki@wp.pl&nbsp;+48 42 679 27 20 kom. 507 170 901 Standardy Ochrony lodz_dom_formacyjny_standardy lodz_dsm_standardy lodz_dom_generalny_standardy&nbsp; lodz_mieszkania_chronione_standardy czestochowa_standardy<\/p>\n","protected":false},"author":1,"featured_media":0,"parent":0,"menu_order":0,"comment_status":"closed","ping_status":"closed","template":"","meta":{"_uag_custom_page_level_css":"","footnotes":""},"class_list":["post-71","page","type-page","status-publish","hentry"],"aioseo_notices":[],"uagb_featured_image_src":{"full":false,"thumbnail":false,"medium":false,"medium_large":false,"large":false,"1536x1536":false,"2048x2048":false},"uagb_author_info":{"display_name":"admin","author_link":"https:\/\/antonianki.pl\/index.php\/author\/admin\/"},"uagb_comment_info":0,"uagb_excerpt":"Antonianki ul. Janosika 141&nbsp;92-108 \u0141\u00f3d\u017a antonianki@wp.pl&nbsp;+48 42 679 27 20 kom. 507 170 901 Standardy Ochrony lodz_dom_formacyjny_standardy lodz_dsm_standardy lodz_dom_generalny_standardy&nbsp; lodz_mieszkania_chronione_standardy czestochowa_standardy","_links":{"self":[{"href":"https:\/\/antonianki.pl\/index.php\/wp-json\/wp\/v2\/pages\/71","targetHints":{"allow":["GET"]}}],"collection":[{"href":"https:\/\/antonianki.pl\/index.php\/wp-json\/wp\/v2\/pages"}],"about":[{"href":"https:\/\/antonianki.pl\/index.php\/wp-json\/wp\/v2\/types\/page"}],"author":[{"embeddable":true,"href":"https:\/\/antonianki.pl\/index.php\/wp-json\/wp\/v2\/users\/1"}],"replies":[{"embeddable":true,"href":"https:\/\/antonianki.pl\/index.php\/wp-json\/wp\/v2\/comments?post=71"}],"version-history":[{"count":7,"href":"https:\/\/antonianki.pl\/index.php\/wp-json\/wp\/v2\/pages\/71\/revisions"}],"predecessor-version":[{"id":388,"href":"https:\/\/antonianki.pl\/index.php\/wp-json\/wp\/v2\/pages\/71\/revisions\/388"}],"wp:attachment":[{"href":"https:\/\/antonianki.pl\/index.php\/wp-json\/wp\/v2\/media?parent=71"}],"curies":[{"name":"wp","href":"https:\/\/api.w.org\/{rel}","templated":true}]}}